{"id":1049,"date":"2025-09-17T18:58:13","date_gmt":"2025-09-17T18:58:13","guid":{"rendered":"https:\/\/mblashes.nl\/?page_id=1049"},"modified":"2025-09-17T19:00:23","modified_gmt":"2025-09-17T19:00:23","slug":"algemene-voorwaarden","status":"publish","type":"page","link":"https:\/\/mblashes.nl\/?page_id=1049","title":{"rendered":"Algemene Voorwaarden"},"content":{"rendered":"<div class=\"moz-text-html\" lang=\"x-unicode\">\n<div dir=\"auto\">\n<p>Algemene voorwaarden MBLashes &amp; Brows<\/p>\n<div dir=\"auto\"><\/div>\n<div dir=\"auto\"><strong>1. Afspraken &amp; op tijd komen<\/strong><\/div>\n<div dir=\"auto\">\n<div dir=\"auto\">\u2013 Kom op tijd voor je afspraak. Ben je te laat, dan gaat dit van je behandeltijd af en kan het resultaat minder optimaal zijn.<\/div>\n<\/div>\n<div dir=\"auto\"><\/div>\n<div dir=\"auto\"><strong>2. Annuleren of verzetten<\/strong><\/div>\n<div dir=\"auto\">\u2013 Een afspraak annuleren of verzetten kan kosteloos tot 24 uur van tevoren.<\/div>\n<div dir=\"auto\">\u2013 Bij te late annulering of niet verschijnen wordt de behandeling volledig in rekening gebracht.<\/div>\n<div dir=\"auto\"><\/div>\n<div dir=\"auto\"><strong>3. Betaling<\/strong><\/div>\n<div dir=\"auto\">Betaling vindt direct na de behandeling plaats en kan contant of via pin\/tikkie.<\/div>\n<div dir=\"auto\"><\/div>\n<div dir=\"auto\"><strong>4. Hygi\u00ebne &amp; gezondheid<\/strong><\/div>\n<div dir=\"auto\">\u2013 De salon werkt volgens strikte hygi\u00ebnevoorschriften.<\/div>\n<div dir=\"auto\">\u2013 Geef v\u00f3\u00f3r de behandeling eventuele allergie\u00ebn, huidproblemen of medische bijzonderheden door.<\/div>\n<div dir=\"auto\">\u2013 De salon is niet aansprakelijk voor een minder resultaat of schade als informatie wordt achtergehouden.<\/div>\n<div dir=\"auto\"><\/div>\n<div dir=\"auto\"><strong>5. Garantie<\/strong><\/div>\n<div dir=\"auto\">\u2013 Op de behandelingen wordt geen garantie gegeven op het resultaat, omdat dit afhankelijk is van o.a. haargroei, nazorg en de natuurlijke staat van de wimpers\/ wenkbrauwen.<\/div>\n<div dir=\"auto\">\u2013 Voor een optimaal resultaat is het belangrijk de nazorg adviezen goed op te volgen.<\/div>\n<div dir=\"auto\"><\/div>\n<div dir=\"auto\"><strong>6. Aansprakelijkheid<\/strong><\/div>\n<div dir=\"auto\">De salon is niet aansprakelijk voor schade, van welke aard dan ook, ontstaan doordat de klant onjuiste of onvolledige informatie heeft verstrekt.<\/div>\n<div dir=\"auto\"><\/div>\n<div dir=\"auto\"><strong>7. Persoonlijke gegevens<\/strong><\/div>\n<div dir=\"auto\">Persoonlijke gegevens worden uitsluitend gebruikt voor afsprakenbeheer en administratie, en nooit aan derden verstrekt.<\/div>\n<div dir=\"auto\"><\/div>\n<\/div>\n<\/div>\n","protected":false},"excerpt":{"rendered":"<p>Algemene voorwaarden MBLashes &amp; Brows 1. Afspraken &amp; op tijd [&#8230;]<\/p>\n","protected":false},"author":1,"featured_media":0,"parent":2,"menu_order":0,"comment_status":"closed","ping_status":"closed","template":"","meta":{"footnotes":""},"class_list":["post-1049","page","type-page","status-publish","hentry"],"_links":{"self":[{"href":"https:\/\/mblashes.nl\/index.php?rest_route=\/wp\/v2\/pages\/1049","targetHints":{"allow":["GET"]}}],"collection":[{"href":"https:\/\/mblashes.nl\/index.php?rest_route=\/wp\/v2\/pages"}],"about":[{"href":"https:\/\/mblashes.nl\/index.php?rest_route=\/wp\/v2\/types\/page"}],"author":[{"embeddable":true,"href":"https:\/\/mblashes.nl\/index.php?rest_route=\/wp\/v2\/users\/1"}],"replies":[{"embeddable":true,"href":"https:\/\/mblashes.nl\/index.php?rest_route=%2Fwp%2Fv2%2Fcomments&post=1049"}],"version-history":[{"count":5,"href":"https:\/\/mblashes.nl\/index.php?rest_route=\/wp\/v2\/pages\/1049\/revisions"}],"predecessor-version":[{"id":1055,"href":"https:\/\/mblashes.nl\/index.php?rest_route=\/wp\/v2\/pages\/1049\/revisions\/1055"}],"up":[{"embeddable":true,"href":"https:\/\/mblashes.nl\/index.php?rest_route=\/wp\/v2\/pages\/2"}],"wp:attachment":[{"href":"https:\/\/mblashes.nl\/index.php?rest_route=%2Fwp%2Fv2%2Fmedia&parent=1049"}],"curies":[{"name":"wp","href":"https:\/\/api.w.org\/{rel}","templated":true}]}}